{"id":36,"date":"2019-01-04T20:23:26","date_gmt":"2019-01-04T20:23:26","guid":{"rendered":"https:\/\/karin-feurer.ch\/?page_id=36"},"modified":"2025-09-18T07:55:04","modified_gmt":"2025-09-18T07:55:04","slug":"tiergestuetzte-aktivierung","status":"publish","type":"page","link":"https:\/\/karin-feurer.ch\/?page_id=36","title":{"rendered":"Tiergest\u00fctzte Aktivierung"},"content":{"rendered":"\n<p>Tiergest\u00fctzte Aktivierung mit H\u00fchner f\u00fcr Alters- und Pflegeheime\/Institutionen f\u00fcr Menschen mit Demenz.<\/p>\n\n\n\n<p>Die f\u00f6rdernde Wirkung von Tieren auf Menschen im sozialen, physischen und psychischen Bereich ist heute bekannt und erwiesen. Tiere habe einen hohen Motivationscharakter. Vorhandene Ressourcen k\u00f6nnen deshalb durch Tierkontakte gezielt angesprochen und gef\u00f6rdert werden.<\/p>\n\n\n\n<div class=\"wp-block-image\"><figure class=\"aligncenter size-large is-resized\"><img loading=\"lazy\" decoding=\"async\" src=\"https:\/\/karin-feurer.ch\/wp-content\/uploads\/2021\/06\/IMG_20210602_152557_1.jpg\" alt=\"\" class=\"wp-image-186\" width=\"743\" height=\"557\" srcset=\"https:\/\/karin-feurer.ch\/wp-content\/uploads\/2021\/06\/IMG_20210602_152557_1.jpg 1024w, https:\/\/karin-feurer.ch\/wp-content\/uploads\/2021\/06\/IMG_20210602_152557_1-300x225.jpg 300w, https:\/\/karin-feurer.ch\/wp-content\/uploads\/2021\/06\/IMG_20210602_152557_1-768x576.jpg 768w, https:\/\/karin-feurer.ch\/wp-content\/uploads\/2021\/06\/IMG_20210602_152557_1-467x350.jpg 467w\" sizes=\"auto, (max-width: 743px) 100vw, 743px\" \/><\/figure><\/div>\n\n\n\n<p>Meine Tierbesuche sind ein qualifiziertes Angebot im Rahmen der Aktivierung. Sie erfolgen nach den Grundlagen und Methoden tiergest\u00fctzter Intervention.<\/p>\n\n\n\n<div class=\"wp-block-image\"><figure class=\"aligncenter size-large is-resized\"><img loading=\"lazy\" decoding=\"async\" src=\"https:\/\/karin-feurer.ch\/wp-content\/uploads\/2021\/06\/IMG_20200108_150835-2_1.jpg\" alt=\"\" class=\"wp-image-178\" width=\"648\" height=\"573\" srcset=\"https:\/\/karin-feurer.ch\/wp-content\/uploads\/2021\/06\/IMG_20200108_150835-2_1.jpg 1024w, https:\/\/karin-feurer.ch\/wp-content\/uploads\/2021\/06\/IMG_20200108_150835-2_1-300x265.jpg 300w, https:\/\/karin-feurer.ch\/wp-content\/uploads\/2021\/06\/IMG_20200108_150835-2_1-768x680.jpg 768w, https:\/\/karin-feurer.ch\/wp-content\/uploads\/2021\/06\/IMG_20200108_150835-2_1-396x350.jpg 396w\" sizes=\"auto, (max-width: 648px) 100vw, 648px\" \/><figcaption>Heino bei der Arbeit<\/figcaption><\/figure><\/div>\n\n\n\n<div class=\"wp-block-image\"><figure class=\"aligncenter size-large is-resized\"><img loading=\"lazy\" decoding=\"async\" src=\"https:\/\/karin-feurer.ch\/wp-content\/uploads\/2025\/09\/1000000088-2-1-768x1024.jpg\" alt=\"\" class=\"wp-image-281\" width=\"567\" height=\"749\"\/><figcaption>Timo der kr\u00e4hende Hahn<\/figcaption><\/figure><\/div>\n\n\n\n<div class=\"wp-block-image\"><figure class=\"aligncenter size-large is-resized\"><img loading=\"lazy\" decoding=\"async\" src=\"https:\/\/karin-feurer.ch\/wp-content\/uploads\/2025\/09\/IMG-20171003-WA0001-2-1024x576.jpg\" alt=\"\" class=\"wp-image-226\" width=\"872\" height=\"490\" srcset=\"https:\/\/karin-feurer.ch\/wp-content\/uploads\/2025\/09\/IMG-20171003-WA0001-2-1024x576.jpg 1024w, https:\/\/karin-feurer.ch\/wp-content\/uploads\/2025\/09\/IMG-20171003-WA0001-2-300x169.jpg 300w, https:\/\/karin-feurer.ch\/wp-content\/uploads\/2025\/09\/IMG-20171003-WA0001-2-768x432.jpg 768w, https:\/\/karin-feurer.ch\/wp-content\/uploads\/2025\/09\/IMG-20171003-WA0001-2-622x350.jpg 622w, https:\/\/karin-feurer.ch\/wp-content\/uploads\/2025\/09\/IMG-20171003-WA0001-2.jpg 1328w\" sizes=\"auto, (max-width: 872px) 100vw, 872px\" \/><figcaption>Amadeus wird gef\u00fcttert<\/figcaption><\/figure><\/div>\n\n\n\n<p>Die Ber\u00fccksichtigung der Bed\u00fcrfnisse und des Wohlbefindens  der Tiere sind Voraussetzung f\u00fcr jeden Tiereinsatz.<\/p>\n\n\n\n<p>Die Besuchstiere werden sorgf\u00e4ltig auf ihre Aufgabe im Dienste der Menschen vorbereitet. Die Beziehung zum Menschen soll f\u00fcr sie <br>angenehm, anregend und stressfrei sein.<\/p>\n\n\n\n<div class=\"wp-block-image\"><figure class=\"aligncenter size-large is-resized\"><img loading=\"lazy\" decoding=\"async\" src=\"https:\/\/karin-feurer.ch\/wp-content\/uploads\/2025\/09\/Nico-in-der-Aktivierung-1-768x1024.jpg\" alt=\"\" class=\"wp-image-228\" width=\"482\" height=\"656\"\/><figcaption>Bordercolliemischling Nico in der tiergest\u00fctzten Aktivierung<\/figcaption><\/figure><\/div>\n\n\n\n<p>Kosten : 350.- Gage dazu kommt noch eine Kilometerentsch\u00e4digung \/  Dauer: 1 Stunde ( Kaninchen und H\u00fchner) und 2 Personen<br>Kosten : 120.- Gage dazu kommt noch eine Kilometerentsch\u00e4digung\/ Dauer :1 Stunde ( Bordercolliemischling Nico) und 1 Person<\/p>\n\n\n\n<p><\/p>\n\n\n\n<p>Weitere Informationen zur Tiergest\u00fctzten Aktivierung unter: <br><a href=\"http:\/\/www.tiere-im-heim.ch\">http:\/\/www.tiere-im-heim.ch<\/a><\/p>\n\n\n\n<p>Fernsehbeitrag Tele-Top Tiergefl\u00fcster vom 25.12.2016 zum Thema <br>Tiergest\u00fctzte Intervention im Alters- und Pflegeheim Gr\u00fcneck.<\/p>\n\n\n\n<div class=\"wp-block-image\"><figure class=\"aligncenter is-resized\"><img loading=\"lazy\" decoding=\"async\" src=\"https:\/\/karin-feurer.ch\/wp-content\/uploads\/2019\/01\/Teletop.png\" alt=\"\" class=\"wp-image-40\" width=\"762\" height=\"470\" srcset=\"https:\/\/karin-feurer.ch\/wp-content\/uploads\/2019\/01\/Teletop.png 644w, https:\/\/karin-feurer.ch\/wp-content\/uploads\/2019\/01\/Teletop-300x185.png 300w, https:\/\/karin-feurer.ch\/wp-content\/uploads\/2019\/01\/Teletop-568x350.png 568w\" sizes=\"auto, (max-width: 762px) 100vw, 762px\" \/><\/figure><\/div>\n\n\n\n<p><\/p>\n","protected":false},"excerpt":{"rendered":"<p>Tiergest\u00fctzte Aktivierung mit H\u00fchner f\u00fcr Alters- und Pflegeheime\/Institutionen f\u00fcr Menschen mit Demenz. Die f\u00f6rdernde Wirkung von Tieren auf Menschen im sozialen, physischen und psychischen Bereich ist heute bekannt und erwiesen. Tiere habe einen hohen Motivationscharakter. Vorhandene Ressourcen k\u00f6nnen deshalb durch Tierkontakte gezielt angesprochen und gef\u00f6rdert werden. Meine Tierbesuche sind ein &hellip;<\/p>\n","protected":false},"author":1,"featured_media":0,"parent":0,"menu_order":2,"comment_status":"closed","ping_status":"closed","template":"","meta":{"footnotes":""},"class_list":["post-36","page","type-page","status-publish","hentry"],"_links":{"self":[{"href":"https:\/\/karin-feurer.ch\/index.php?rest_route=\/wp\/v2\/pages\/36","targetHints":{"allow":["GET"]}}],"collection":[{"href":"https:\/\/karin-feurer.ch\/index.php?rest_route=\/wp\/v2\/pages"}],"about":[{"href":"https:\/\/karin-feurer.ch\/index.php?rest_route=\/wp\/v2\/types\/page"}],"author":[{"embeddable":true,"href":"https:\/\/karin-feurer.ch\/index.php?rest_route=\/wp\/v2\/users\/1"}],"replies":[{"embeddable":true,"href":"https:\/\/karin-feurer.ch\/index.php?rest_route=%2Fwp%2Fv2%2Fcomments&post=36"}],"version-history":[{"count":25,"href":"https:\/\/karin-feurer.ch\/index.php?rest_route=\/wp\/v2\/pages\/36\/revisions"}],"predecessor-version":[{"id":285,"href":"https:\/\/karin-feurer.ch\/index.php?rest_route=\/wp\/v2\/pages\/36\/revisions\/285"}],"wp:attachment":[{"href":"https:\/\/karin-feurer.ch\/index.php?rest_route=%2Fwp%2Fv2%2Fmedia&parent=36"}],"curies":[{"name":"wp","href":"https:\/\/api.w.org\/{rel}","templated":true}]}}