{"id":21,"date":"2019-01-04T20:02:24","date_gmt":"2019-01-04T20:02:24","guid":{"rendered":"https:\/\/karin-feurer.ch\/?page_id=21"},"modified":"2025-09-16T16:38:52","modified_gmt":"2025-09-16T16:38:52","slug":"kindergeburtstag","status":"publish","type":"page","link":"https:\/\/karin-feurer.ch\/?page_id=21","title":{"rendered":"Kindergeburtstag"},"content":{"rendered":"\n<p class=\"has-text-align-left\"><strong>mit Ponys f\u00fcr Kinder von ca. 6 &#8211; 10 Jahren. <br><\/strong>max. 6 Kinder.<\/p>\n\n\n\n<p class=\"has-text-align-left\">Stellen Sie sich Ihren Bed\u00fcrfnissen entsprechend Ihr individuelles Geburtstagsprogramm zusammen.<\/p>\n\n\n\n<p class=\"has-text-align-left\">Folgende Aktivit\u00e4ten werden angeboten (<strong>wetterunabh\u00e4ngig<\/strong>):<\/p>\n\n\n\n<ul class=\"wp-block-list\"><li>Bauernhofgeburtstag mit Grillplausch<\/li><li>Indianergeburtstag mit Grillplausch <\/li><li>Ponyreiten<\/li><li> M\u00e4rlierz\u00e4hlungen im Tipi<\/li><li> diverse Bauernhofspiele<\/li><li> Ferienplausch<\/li><li> Butterherstellung (auch separat buchbar) <\/li><\/ul>\n\n\n\n<p>Jedes Kind stellt selbst seine Butter her und kann diese mitnehmen.<\/p>\n\n\n\n<p>Je nach Zusmmenstellung ink. Grillplausch ab 300 &#8211; 350 CHF pro Anlass.<br>Im Grillplausch enthalten ( Getr\u00e4nke, W\u00fcrste, Salat, Pommes-Cips und Brot).<\/p>\n\n\n\n<p><\/p>\n\n\n\n<p><\/p>\n\n\n\n<figure class=\"wp-block-image size-large is-resized\"><img loading=\"lazy\" decoding=\"async\" src=\"https:\/\/karin-feurer.ch\/wp-content\/uploads\/2025\/09\/Feuerstelle-Neu-576x1024.jpg\" alt=\"\" class=\"wp-image-213\" width=\"451\" height=\"1134\"\/><figcaption>Feuerstelle f\u00fcr Kindergeburtstage<\/figcaption><\/figure>\n\n\n\n<figure class=\"wp-block-image is-resized\"><img loading=\"lazy\" decoding=\"async\" src=\"https:\/\/karin-feurer.ch\/wp-content\/uploads\/2019\/01\/Schulzelt.jpg\" alt=\"\" class=\"wp-image-23\" width=\"505\" height=\"333\" srcset=\"https:\/\/karin-feurer.ch\/wp-content\/uploads\/2019\/01\/Schulzelt.jpg 500w, https:\/\/karin-feurer.ch\/wp-content\/uploads\/2019\/01\/Schulzelt-300x198.jpg 300w, https:\/\/karin-feurer.ch\/wp-content\/uploads\/2019\/01\/Schulzelt-458x302.jpg 458w\" sizes=\"auto, (max-width: 505px) 100vw, 505px\" \/><figcaption>Zelt f\u00fcr Kindergeburtstage<\/figcaption><\/figure>\n\n\n\n<figure class=\"wp-block-image size-large is-resized\"><img loading=\"lazy\" decoding=\"async\" src=\"https:\/\/karin-feurer.ch\/wp-content\/uploads\/2025\/09\/Bild-Huhn-767x1024.jpg\" alt=\"\" class=\"wp-image-220\" width=\"422\" height=\"564\" srcset=\"https:\/\/karin-feurer.ch\/wp-content\/uploads\/2025\/09\/Bild-Huhn-767x1024.jpg 767w, https:\/\/karin-feurer.ch\/wp-content\/uploads\/2025\/09\/Bild-Huhn-225x300.jpg 225w, https:\/\/karin-feurer.ch\/wp-content\/uploads\/2025\/09\/Bild-Huhn-768x1026.jpg 768w, https:\/\/karin-feurer.ch\/wp-content\/uploads\/2025\/09\/Bild-Huhn-262x350.jpg 262w, https:\/\/karin-feurer.ch\/wp-content\/uploads\/2025\/09\/Bild-Huhn.jpg 771w\" sizes=\"auto, (max-width: 422px) 100vw, 422px\" \/><figcaption>Huhn Bianca auf Kindergeburtstagsbesuch<\/figcaption><\/figure>\n\n\n\n<figure class=\"wp-block-image is-resized\"><img loading=\"lazy\" decoding=\"async\" src=\"https:\/\/karin-feurer.ch\/wp-content\/uploads\/2019\/01\/Pferdestall.jpg\" alt=\"\" class=\"wp-image-25\" width=\"502\" height=\"331\" srcset=\"https:\/\/karin-feurer.ch\/wp-content\/uploads\/2019\/01\/Pferdestall.jpg 500w, https:\/\/karin-feurer.ch\/wp-content\/uploads\/2019\/01\/Pferdestall-300x198.jpg 300w, https:\/\/karin-feurer.ch\/wp-content\/uploads\/2019\/01\/Pferdestall-458x302.jpg 458w\" sizes=\"auto, (max-width: 502px) 100vw, 502px\" \/><figcaption>Pferdestall<\/figcaption><\/figure>\n\n\n\n<p><\/p>\n","protected":false},"excerpt":{"rendered":"<p>mit Ponys f\u00fcr Kinder von ca. 6 &#8211; 10 Jahren. max. 6 Kinder. Stellen Sie sich Ihren Bed\u00fcrfnissen entsprechend Ihr individuelles Geburtstagsprogramm zusammen. Folgende Aktivit\u00e4ten werden angeboten (wetterunabh\u00e4ngig): Bauernhofgeburtstag mit Grillplausch Indianergeburtstag mit Grillplausch Ponyreiten M\u00e4rlierz\u00e4hlungen im Tipi diverse Bauernhofspiele Ferienplausch Butterherstellung (auch separat buchbar) Jedes Kind stellt selbst seine &hellip;<\/p>\n","protected":false},"author":1,"featured_media":0,"parent":0,"menu_order":0,"comment_status":"closed","ping_status":"closed","template":"","meta":{"footnotes":""},"class_list":["post-21","page","type-page","status-publish","hentry"],"_links":{"self":[{"href":"https:\/\/karin-feurer.ch\/index.php?rest_route=\/wp\/v2\/pages\/21","targetHints":{"allow":["GET"]}}],"collection":[{"href":"https:\/\/karin-feurer.ch\/index.php?rest_route=\/wp\/v2\/pages"}],"about":[{"href":"https:\/\/karin-feurer.ch\/index.php?rest_route=\/wp\/v2\/types\/page"}],"author":[{"embeddable":true,"href":"https:\/\/karin-feurer.ch\/index.php?rest_route=\/wp\/v2\/users\/1"}],"replies":[{"embeddable":true,"href":"https:\/\/karin-feurer.ch\/index.php?rest_route=%2Fwp%2Fv2%2Fcomments&post=21"}],"version-history":[{"count":10,"href":"https:\/\/karin-feurer.ch\/index.php?rest_route=\/wp\/v2\/pages\/21\/revisions"}],"predecessor-version":[{"id":244,"href":"https:\/\/karin-feurer.ch\/index.php?rest_route=\/wp\/v2\/pages\/21\/revisions\/244"}],"wp:attachment":[{"href":"https:\/\/karin-feurer.ch\/index.php?rest_route=%2Fwp%2Fv2%2Fmedia&parent=21"}],"curies":[{"name":"wp","href":"https:\/\/api.w.org\/{rel}","templated":true}]}}